{"id":1101,"date":"2018-09-24T17:58:40","date_gmt":"2018-09-24T15:58:40","guid":{"rendered":"https:\/\/monserveurnas.com\/politique-de-cookie\/"},"modified":"2022-07-07T14:08:53","modified_gmt":"2022-07-07T12:08:53","slug":"politique-de-cookie","status":"publish","type":"page","link":"https:\/\/monserveurnas.com\/de\/keks-politik\/","title":{"rendered":"Cookie-Richtlinie"},"content":{"rendered":"<p>Diese Seite verwendet Cookies - kleine Textdateien, die auf Ihrem Rechner platziert werden, um der Seite zu helfen, eine bessere Benutzererfahrung zu bieten. Im Allgemeinen werden Cookies verwendet, um Benutzereinstellungen zu speichern, Informationen f\u00fcr Dinge wie Warenk\u00f6rbe zu speichern und anonymisierte Trackingdaten an Anwendungen von Drittanbietern wie Google Analytics zu liefern. Im Allgemeinen werden Cookies Ihr Surferlebnis verbessern. Es kann jedoch sein, dass Sie es vorziehen, Cookies auf dieser und anderen Websites zu deaktivieren. Der effektivste Weg ist die Deaktivierung von Cookies in Ihrem Browser. Wir empfehlen Ihnen, den Hilfebereich Ihres Browsers zu konsultieren oder die Website <a href=\"http:\/\/g.ezoic.net\/privacy\/monserveurnas.com\">http:\/\/g.ezoic.net\/privacy\/monserveurnas.com<\/a> oder diesen Link <a href=\"http:\/\/www.aboutcookies.org\">\u00dcber Cookies<\/a> (auf Englisch), die Tipps f\u00fcr alle modernen Browser bietet.<\/p>","protected":false},"excerpt":{"rendered":"<p>Diese Seite verwendet Cookies - kleine Textdateien, die auf Ihrem Rechner platziert werden, um der Seite zu helfen, eine bessere Benutzererfahrung zu bieten. Im Allgemeinen werden Cookies verwendet, um Benutzereinstellungen zu speichern, Informationen f\u00fcr Dinge wie Warenk\u00f6rbe zu speichern und anonymisierte Trackingdaten bereitzustellen.<\/p>","protected":false},"author":1,"featured_media":0,"parent":0,"menu_order":0,"comment_status":"closed","ping_status":"closed","template":"","meta":{"footnotes":""},"class_list":["post-1101","page","type-page","status-publish"],"yoast_head":"<!-- This site is optimized with the Yoast SEO plugin v27.1.1 - https:\/\/yoast.com\/product\/yoast-seo-wordpress\/ -->\n<title>Politique de cookie - Mon Serveur NAS<\/title>\n<meta name=\"robots\" content=\"index, follow, max-snippet:-1, max-image-preview:large, max-video-preview:-1\" \/>\n<link rel=\"canonical\" href=\"https:\/\/monserveurnas.com\/de\/keks-politik\/\" \/>\n<meta property=\"og:locale\" content=\"de_DE\" \/>\n<meta property=\"og:type\" content=\"article\" \/>\n<meta property=\"og:title\" content=\"Politique de cookie - Mon Serveur NAS\" \/>\n<meta property=\"og:description\" content=\"Ce site utilise des cookies &#8211; de petits fichiers texte qui sont plac\u00e9s sur votre machine pour aider le site \u00e0 fournir une meilleure exp\u00e9rience utilisateur. En g\u00e9n\u00e9ral, les cookies sont utilis\u00e9s pour conserver les pr\u00e9f\u00e9rences de l&rsquo;utilisateur, stocker des informations pour des choses comme les paniers d&rsquo;achat et fournir des donn\u00e9es de suivi anonymis\u00e9es\" \/>\n<meta property=\"og:url\" content=\"https:\/\/monserveurnas.com\/de\/keks-politik\/\" \/>\n<meta property=\"og:site_name\" content=\"Mon Serveur NAS\" \/>\n<meta property=\"article:modified_time\" content=\"2022-07-07T12:08:53+00:00\" \/>\n<meta name=\"twitter:card\" content=\"summary_large_image\" \/>\n<meta name=\"twitter:label1\" content=\"Gesch\u00e4tzte Lesezeit\" \/>\n\t<meta name=\"twitter:data1\" content=\"1\u00a0Minute\" \/>\n<script type=\"application\/ld+json\" class=\"yoast-schema-graph\">{\"@context\":\"https:\/\/schema.org\",\"@graph\":[{\"@type\":\"WebPage\",\"@id\":\"https:\/\/monserveurnas.com\/politique-de-cookie\/\",\"url\":\"https:\/\/monserveurnas.com\/politique-de-cookie\/\",\"name\":\"Politique de cookie - Mon Serveur NAS\",\"isPartOf\":{\"@id\":\"https:\/\/monserveurnas.com\/#website\"},\"datePublished\":\"2018-09-24T15:58:40+00:00\",\"dateModified\":\"2022-07-07T12:08:53+00:00\",\"breadcrumb\":{\"@id\":\"https:\/\/monserveurnas.com\/politique-de-cookie\/#breadcrumb\"},\"inLanguage\":\"de\",\"potentialAction\":[{\"@type\":\"ReadAction\",\"target\":[\"https:\/\/monserveurnas.com\/politique-de-cookie\/\"]}]},{\"@type\":\"BreadcrumbList\",\"@id\":\"https:\/\/monserveurnas.com\/politique-de-cookie\/#breadcrumb\",\"itemListElement\":[{\"@type\":\"ListItem\",\"position\":1,\"name\":\"Accueil\",\"item\":\"https:\/\/monserveurnas.com\/\"},{\"@type\":\"ListItem\",\"position\":2,\"name\":\"Politique de cookie\"}]},{\"@type\":\"WebSite\",\"@id\":\"https:\/\/monserveurnas.com\/#website\",\"url\":\"https:\/\/monserveurnas.com\/\",\"name\":\"Mon Serveur NAS\",\"description\":\"Tout savoir sur les NAS\",\"publisher\":{\"@id\":\"https:\/\/monserveurnas.com\/#organization\"},\"potentialAction\":[{\"@type\":\"SearchAction\",\"target\":{\"@type\":\"EntryPoint\",\"urlTemplate\":\"https:\/\/monserveurnas.com\/?s={search_term_string}\"},\"query-input\":{\"@type\":\"PropertyValueSpecification\",\"valueRequired\":true,\"valueName\":\"search_term_string\"}}],\"inLanguage\":\"de\"},{\"@type\":\"Organization\",\"@id\":\"https:\/\/monserveurnas.com\/#organization\",\"name\":\"Mon Serveur NAS\",\"url\":\"https:\/\/monserveurnas.com\/\",\"logo\":{\"@type\":\"ImageObject\",\"inLanguage\":\"de\",\"@id\":\"https:\/\/monserveurnas.com\/#\/schema\/logo\/image\/\",\"url\":\"https:\/\/monserveurnas.com\/wp-content\/uploads\/2023\/04\/Logo-noir-2023-e1681288402748.png\",\"contentUrl\":\"https:\/\/monserveurnas.com\/wp-content\/uploads\/2023\/04\/Logo-noir-2023-e1681288402748.png\",\"width\":300,\"height\":118,\"caption\":\"Mon Serveur NAS\"},\"image\":{\"@id\":\"https:\/\/monserveurnas.com\/#\/schema\/logo\/image\/\"}}]}<\/script>\n<!-- \/ Yoast SEO plugin. -->","yoast_head_json":{"title":"Cookie-Richtlinie - Mein NAS-Server","robots":{"index":"index","follow":"follow","max-snippet":"max-snippet:-1","max-image-preview":"max-image-preview:large","max-video-preview":"max-video-preview:-1"},"canonical":"https:\/\/monserveurnas.com\/de\/keks-politik\/","og_locale":"de_DE","og_type":"article","og_title":"Politique de cookie - Mon Serveur NAS","og_description":"Ce site utilise des cookies &#8211; de petits fichiers texte qui sont plac\u00e9s sur votre machine pour aider le site \u00e0 fournir une meilleure exp\u00e9rience utilisateur. En g\u00e9n\u00e9ral, les cookies sont utilis\u00e9s pour conserver les pr\u00e9f\u00e9rences de l&rsquo;utilisateur, stocker des informations pour des choses comme les paniers d&rsquo;achat et fournir des donn\u00e9es de suivi anonymis\u00e9es","og_url":"https:\/\/monserveurnas.com\/de\/keks-politik\/","og_site_name":"Mon Serveur NAS","article_modified_time":"2022-07-07T12:08:53+00:00","twitter_card":"summary_large_image","twitter_misc":{"Gesch\u00e4tzte Lesezeit":"1\u00a0Minute"},"schema":{"@context":"https:\/\/schema.org","@graph":[{"@type":"WebPage","@id":"https:\/\/monserveurnas.com\/politique-de-cookie\/","url":"https:\/\/monserveurnas.com\/politique-de-cookie\/","name":"Cookie-Richtlinie - Mein NAS-Server","isPartOf":{"@id":"https:\/\/monserveurnas.com\/#website"},"datePublished":"2018-09-24T15:58:40+00:00","dateModified":"2022-07-07T12:08:53+00:00","breadcrumb":{"@id":"https:\/\/monserveurnas.com\/politique-de-cookie\/#breadcrumb"},"inLanguage":"de","potentialAction":[{"@type":"ReadAction","target":["https:\/\/monserveurnas.com\/politique-de-cookie\/"]}]},{"@type":"BreadcrumbList","@id":"https:\/\/monserveurnas.com\/politique-de-cookie\/#breadcrumb","itemListElement":[{"@type":"ListItem","position":1,"name":"Accueil","item":"https:\/\/monserveurnas.com\/"},{"@type":"ListItem","position":2,"name":"Politique de cookie"}]},{"@type":"WebSite","@id":"https:\/\/monserveurnas.com\/#website","url":"https:\/\/monserveurnas.com\/","name":"Mein NAS-Server","description":"Alles \u00fcber SINs","publisher":{"@id":"https:\/\/monserveurnas.com\/#organization"},"potentialAction":[{"@type":"SearchAction","target":{"@type":"EntryPoint","urlTemplate":"https:\/\/monserveurnas.com\/?s={search_term_string}"},"query-input":{"@type":"PropertyValueSpecification","valueRequired":true,"valueName":"search_term_string"}}],"inLanguage":"de"},{"@type":"Organization","@id":"https:\/\/monserveurnas.com\/#organization","name":"Mein NAS-Server","url":"https:\/\/monserveurnas.com\/","logo":{"@type":"ImageObject","inLanguage":"de","@id":"https:\/\/monserveurnas.com\/#\/schema\/logo\/image\/","url":"https:\/\/monserveurnas.com\/wp-content\/uploads\/2023\/04\/Logo-noir-2023-e1681288402748.png","contentUrl":"https:\/\/monserveurnas.com\/wp-content\/uploads\/2023\/04\/Logo-noir-2023-e1681288402748.png","width":300,"height":118,"caption":"Mon Serveur NAS"},"image":{"@id":"https:\/\/monserveurnas.com\/#\/schema\/logo\/image\/"}}]}},"_links":{"self":[{"href":"https:\/\/monserveurnas.com\/de\/wp-json\/wp\/v2\/pages\/1101","targetHints":{"allow":["GET"]}}],"collection":[{"href":"https:\/\/monserveurnas.com\/de\/wp-json\/wp\/v2\/pages"}],"about":[{"href":"https:\/\/monserveurnas.com\/de\/wp-json\/wp\/v2\/types\/page"}],"author":[{"embeddable":true,"href":"https:\/\/monserveurnas.com\/de\/wp-json\/wp\/v2\/users\/1"}],"replies":[{"embeddable":true,"href":"https:\/\/monserveurnas.com\/de\/wp-json\/wp\/v2\/comments?post=1101"}],"version-history":[{"count":0,"href":"https:\/\/monserveurnas.com\/de\/wp-json\/wp\/v2\/pages\/1101\/revisions"}],"wp:attachment":[{"href":"https:\/\/monserveurnas.com\/de\/wp-json\/wp\/v2\/media?parent=1101"}],"curies":[{"name":"wp","href":"https:\/\/api.w.org\/{rel}","templated":true}]}}