{"id":1104,"date":"2018-09-24T19:29:12","date_gmt":"2018-09-24T17:29:12","guid":{"rendered":"https:\/\/monserveurnas.com\/?page_id=1104"},"modified":"2019-06-13T18:54:28","modified_gmt":"2019-06-13T16:54:28","slug":"mentions-legales","status":"publish","type":"page","link":"https:\/\/monserveurnas.com\/de\/legale-erwahnungen\/","title":{"rendered":"Rechtliche Hinweise"},"content":{"rendered":"<div class=\"post-content\">\n<div id=\"ez-toc-container\" class=\"ez-toc-v2_0_81 counter-hierarchy ez-toc-counter ez-toc-custom ez-toc-container-direction\">\n<div class=\"ez-toc-title-container\">\n<p class=\"ez-toc-title\" style=\"cursor:inherit\">Inhaltsverzeichnis<\/p>\n<span class=\"ez-toc-title-toggle\"><a href=\"#\" class=\"ez-toc-pull-right ez-toc-btn ez-toc-btn-xs ez-toc-btn-default ez-toc-toggle\" aria-label=\"Toggle Table of Content\"><span class=\"ez-toc-js-icon-con\"><span class=\"\"><span class=\"eztoc-hide\" style=\"display:none;\">Toggle<\/span><span class=\"ez-toc-icon-toggle-span\"><svg style=\"fill: #3c5233;color:#3c5233\" xmlns=\"http:\/\/www.w3.org\/2000\/svg\" class=\"list-377408\" width=\"20px\" height=\"20px\" viewbox=\"0 0 24 24\" fill=\"none\"><path d=\"M6 6H4v2h2V6zm14 0H8v2h12V6zM4 11h2v2H4v-2zm16 0H8v2h12v-2zM4 16h2v2H4v-2zm16 0H8v2h12v-2z\" fill=\"currentColor\"><\/path><\/svg><svg style=\"fill: #3c5233;color:#3c5233\" class=\"arrow-unsorted-368013\" xmlns=\"http:\/\/www.w3.org\/2000\/svg\" width=\"10px\" height=\"10px\" viewbox=\"0 0 24 24\" version=\"1.2\" baseprofile=\"tiny\"><path d=\"M18.2 9.3l-6.2-6.3-6.2 6.3c-.2.2-.3.4-.3.7s.1.5.3.7c.2.2.4.3.7.3h11c.3 0 .5-.1.7-.3.2-.2.3-.5.3-.7s-.1-.5-.3-.7zM5.8 14.7l6.2 6.3 6.2-6.3c.2-.2.3-.5.3-.7s-.1-.5-.3-.7c-.2-.2-.4-.3-.7-.3h-11c-.3 0-.5.1-.7.3-.2.2-.3.5-.3.7s.1.5.3.7z\"\/><\/svg><\/span><\/span><\/span><\/a><\/span><\/div>\n<nav><ul class='ez-toc-list ez-toc-list-level-1 eztoc-toggle-hide-by-default' ><li class='ez-toc-page-1 ez-toc-heading-level-3'><a class=\"ez-toc-link ez-toc-heading-1\" href=\"https:\/\/monserveurnas.com\/de\/legale-erwahnungen\/#1_Conditions_generales_dutilisation_du_site_et_des_services_proposes\" >1. Allgemeine Bedingungen f\u00fcr die Nutzung der Website und der angebotenen Dienste.<\/a><\/li><li class='ez-toc-page-1 ez-toc-heading-level-3'><a class=\"ez-toc-link ez-toc-heading-2\" href=\"https:\/\/monserveurnas.com\/de\/legale-erwahnungen\/#2_Description_des_services_fournis\" >2. Beschreibung der erbrachten Leistungen.<\/a><\/li><li class='ez-toc-page-1 ez-toc-heading-level-3'><a class=\"ez-toc-link ez-toc-heading-3\" href=\"https:\/\/monserveurnas.com\/de\/legale-erwahnungen\/#3_Limitations_contractuelles_sur_les_donnees_techniques\" >3. Vertragliche Einschr\u00e4nkungen der technischen Daten.<\/a><\/li><li class='ez-toc-page-1 ez-toc-heading-level-3'><a class=\"ez-toc-link ez-toc-heading-4\" href=\"https:\/\/monserveurnas.com\/de\/legale-erwahnungen\/#4_Propriete_intellectuelle_et_contrefacons\" >4. Geistiges Eigentum und F\u00e4lschungen.<\/a><\/li><li class='ez-toc-page-1 ez-toc-heading-level-3'><a class=\"ez-toc-link ez-toc-heading-5\" href=\"https:\/\/monserveurnas.com\/de\/legale-erwahnungen\/#5_Limitations_de_responsabilite\" >5. Haftungsbeschr\u00e4nkungen.<\/a><\/li><li class='ez-toc-page-1 ez-toc-heading-level-3'><a class=\"ez-toc-link ez-toc-heading-6\" href=\"https:\/\/monserveurnas.com\/de\/legale-erwahnungen\/#6_Gestion_des_donnees_personnelles\" >6. Verwaltung der pers\u00f6nlichen Daten.<\/a><\/li><li class='ez-toc-page-1 ez-toc-heading-level-3'><a class=\"ez-toc-link ez-toc-heading-7\" href=\"https:\/\/monserveurnas.com\/de\/legale-erwahnungen\/#7_Liens_hypertextes_et_cookies\" >7. Hyperlinks und Cookies.<\/a><\/li><li class='ez-toc-page-1 ez-toc-heading-level-3'><a class=\"ez-toc-link ez-toc-heading-8\" href=\"https:\/\/monserveurnas.com\/de\/legale-erwahnungen\/#8_Programme_daffiliation\" >8. Affiliate-Programm<\/a><\/li><li class='ez-toc-page-1 ez-toc-heading-level-3'><a class=\"ez-toc-link ez-toc-heading-9\" href=\"https:\/\/monserveurnas.com\/de\/legale-erwahnungen\/#9_Droit_applicable_et_attribution_de_juridiction\" >9. Anwendbares Recht und Gerichtsbarkeit.<\/a><\/li><li class='ez-toc-page-1 ez-toc-heading-level-3'><a class=\"ez-toc-link ez-toc-heading-10\" href=\"https:\/\/monserveurnas.com\/de\/legale-erwahnungen\/#10_Les_principales_lois_concernees\" >10. Die wichtigsten betroffenen Gesetze.<\/a><\/li><li class='ez-toc-page-1 ez-toc-heading-level-3'><a class=\"ez-toc-link ez-toc-heading-11\" href=\"https:\/\/monserveurnas.com\/de\/legale-erwahnungen\/#11_Lexique\" >11. Lexikon.<\/a><\/li><\/ul><\/nav><\/div>\n<h3><span class=\"ez-toc-section\" id=\"1_Conditions_generales_dutilisation_du_site_et_des_services_proposes\"><\/span>1. Allgemeine Bedingungen f\u00fcr die Nutzung der Website und der angebotenen Dienste.<span class=\"ez-toc-section-end\"><\/span><\/h3>\n<p>Die Nutzung der Website monserveurnas.com setzt die vollst\u00e4ndige und uneingeschr\u00e4nkte Annahme der nachstehend beschriebenen allgemeinen Nutzungsbedingungen voraus. Diese Nutzungsbedingungen k\u00f6nnen jederzeit ge\u00e4ndert oder erg\u00e4nzt werden, sodass die Nutzer der Website aufgefordert werden, sie regelm\u00e4\u00dfig einzusehen.<\/p>\n<p>Diese Website ist normalerweise jederzeit f\u00fcr die Nutzer zug\u00e4nglich. Eine Unterbrechung aufgrund technischer Wartungsarbeiten kann jedoch von Mon Serveur Nas beschlossen werden, der sich bem\u00fchen wird, die Nutzer vorab \u00fcber die Daten und Zeiten der Intervention zu informieren.<\/p>\n<p>Die Website wird regelm\u00e4\u00dfig aktualisiert. Ebenso k\u00f6nnen die rechtlichen Hinweise jederzeit ge\u00e4ndert werden: Sie sind dennoch f\u00fcr den Nutzer verbindlich, der aufgefordert wird, so oft wie m\u00f6glich auf sie zu verweisen, um sie zur Kenntnis zu nehmen.<\/p>\n<p>Hosting-Anbieter: OVH - 2 rue Kellermann - 59100 Roubaix - Frankreich.<\/p>\n<h3><span class=\"ez-toc-section\" id=\"2_Description_des_services_fournis\"><\/span>2. Beschreibung der erbrachten Leistungen.<span class=\"ez-toc-section-end\"><\/span><\/h3>\n<p>Die Website monserveurnas.com soll Informationen \u00fcber alle Aktivit\u00e4ten des Unternehmens bereitstellen.<\/p>\n<p>Mon Serveur Nas bem\u00fcht sich, auf der Website so genaue Informationen wie m\u00f6glich bereitzustellen. Er kann jedoch nicht f\u00fcr Auslassungen, Ungenauigkeiten und M\u00e4ngel bei der Aktualisierung haftbar gemacht werden, unabh\u00e4ngig davon, ob diese auf ihn oder auf dritte Partner zur\u00fcckzuf\u00fchren sind, die ihm diese Informationen zur Verf\u00fcgung stellen.<\/p>\n<p>Alle auf der Website angegebenen Informationen sind unverbindlich und k\u00f6nnen sich \u00e4ndern. Dar\u00fcber hinaus sind die Informationen auf der Website nicht ersch\u00f6pfend. Sie werden vorbehaltlich der seit ihrer Ver\u00f6ffentlichung vorgenommenen \u00c4nderungen gegeben.<\/p>\n<h3><span class=\"ez-toc-section\" id=\"3_Limitations_contractuelles_sur_les_donnees_techniques\"><\/span>3. Vertragliche Einschr\u00e4nkungen der technischen Daten.<span class=\"ez-toc-section-end\"><\/span><\/h3>\n<p>Die Website verwendet die JavaScript-Technologie.<\/p>\n<p>Die Website kann nicht f\u00fcr materielle Sch\u00e4den im Zusammenhang mit der Nutzung der Website haftbar gemacht werden. Dar\u00fcber hinaus verpflichtet sich der Nutzer der Website, auf die Website mit einer aktuellen Hardware zuzugreifen, die keine Viren enth\u00e4lt und \u00fcber einen Browser der neuesten Generation verf\u00fcgt, der auf dem neuesten Stand ist.<\/p>\n<h3><span class=\"ez-toc-section\" id=\"4_Propriete_intellectuelle_et_contrefacons\"><\/span>4. Geistiges Eigentum und F\u00e4lschungen.<span class=\"ez-toc-section-end\"><\/span><\/h3>\n<p>Mon Serveur Nas ist Eigent\u00fcmer der Rechte am geistigen Eigentum oder besitzt die Nutzungsrechte f\u00fcr alle auf der Website zug\u00e4nglichen Elemente, insbesondere Texte, Bilder, Grafiken, Logos, Icons, T\u00f6ne, Software.<\/p>\n<p>Jede Vervielf\u00e4ltigung, Darstellung, \u00c4nderung, Ver\u00f6ffentlichung und Anpassung aller oder eines Teils der Elemente der Website, unabh\u00e4ngig von den verwendeten Mitteln oder Verfahren, ist untersagt, es sei denn, es liegt eine vorherige schriftliche Genehmigung von : Mon Serveur Nas.<\/p>\n<p>Jede nicht genehmigte Nutzung der Website oder eines ihrer Elemente wird als F\u00e4lschung angesehen und gem\u00e4\u00df den Bestimmungen der Artikel L.335-2 ff. des franz\u00f6sischen Gesetzbuchs \u00fcber geistiges Eigentum (Code de Propri\u00e9t\u00e9 Intellectuelle) verfolgt.<\/p>\n<h3><span class=\"ez-toc-section\" id=\"5_Limitations_de_responsabilite\"><\/span>5. Haftungsbeschr\u00e4nkungen.<span class=\"ez-toc-section-end\"><\/span><\/h3>\n<p>Monserveurnas.com kann nicht f\u00fcr direkte und indirekte Sch\u00e4den an der Hardware des Nutzers beim Zugriff auf die interne Website haftbar gemacht werden, die entweder aus der Verwendung einer Hardware resultieren, die nicht den in Punkt 4 angegebenen Spezifikationen entspricht, oder aus dem Auftreten eines Bugs oder einer Inkompatibilit\u00e4t.<\/p>\n<p>Mon Serveur Nas haftet auch nicht f\u00fcr indirekte Sch\u00e4den (wie z. B. Marktverlust oder Verlust einer Chance), die sich aus der Nutzung der Website ergeben.<\/p>\n<p>Interaktive Bereiche (M\u00f6glichkeit, Fragen im Kontaktbereich zu stellen) stehen den Nutzern zur Verf\u00fcgung. Mon Serveur Nas beh\u00e4lt sich das Recht vor, ohne vorherige Mahnung jeden in diesem Bereich abgelegten Inhalt zu l\u00f6schen, der gegen die in Frankreich geltenden Gesetze und insbesondere gegen die Bestimmungen zum Datenschutz verst\u00f6\u00dft. Gegebenenfalls beh\u00e4lt sich Mon Serveur Nas auch die M\u00f6glichkeit vor, den Nutzer zivil- und\/oder strafrechtlich haftbar zu machen, insbesondere bei rassistischen, beleidigenden, diffamierenden oder pornografischen Mitteilungen, unabh\u00e4ngig von den verwendeten Medien (Text, Fotografie...).<\/p>\n<h3><span class=\"ez-toc-section\" id=\"6_Gestion_des_donnees_personnelles\"><\/span>6. Verwaltung der pers\u00f6nlichen Daten.<span class=\"ez-toc-section-end\"><\/span><\/h3>\n<p>In Frankreich sind personenbezogene Daten insbesondere durch das Gesetz Nr. 78-87 vom 6. Januar 1978, das Gesetz Nr. 2004-801 vom 6. August 2004, Artikel L. 226-13 des Strafgesetzbuches und die Europ\u00e4ische Richtlinie vom 24. Oktober 1995 gesch\u00fctzt.<\/p>\n<p>Bei der Nutzung der Website k\u00f6nnen folgende Daten erfasst werden: die URL der Links, \u00fcber die der Nutzer auf die Website gelangt ist, der Zugangsprovider des Nutzers, die Internetprotokoll-Adresse (IP) des Nutzers.<\/p>\n<p>In jedem Fall sammelt Mon Serveur Nas pers\u00f6nliche Informationen \u00fcber den Nutzer nur f\u00fcr die Zwecke bestimmter Dienstleistungen, die auf der Website monserveurnas.com angeboten werden. Der Nutzer stellt diese Informationen in voller Kenntnis der Sachlage zur Verf\u00fcgung, insbesondere wenn er sie selbst eingibt. Dem Nutzer der Website wird dann mitgeteilt, ob er diese Informationen bereitstellen muss oder nicht.<\/p>\n<p>Gem\u00e4\u00df den Bestimmungen der Artikel 38 ff. des Gesetzes 78-17 vom 6. Januar 1978 \u00fcber Informatik, Dateien und Freiheiten hat jeder Nutzer das Recht, auf die ihn betreffenden pers\u00f6nlichen Daten zuzugreifen, sie zu berichtigen und dagegen Einspruch zu erheben. Dazu muss er einen schriftlichen und unterschriebenen Antrag stellen, dem eine Kopie des Personalausweises mit Unterschrift des Inhabers des Dokuments beiliegt, und die Adresse angeben, an die die Antwort gesendet werden soll.<\/p>\n<p>Keine pers\u00f6nlichen Informationen des Nutzers der Website monserveurnas.com werden ohne das Wissen des Nutzers ver\u00f6ffentlicht, ausgetauscht, \u00fcbertragen, abgetreten oder auf einem beliebigen Datentr\u00e4ger an Dritte verkauft. Nur wenn Mon Serveur Nas und seine Rechte \u00fcbernommen werden, k\u00f6nnen diese Informationen an einen eventuellen Erwerber weitergegeben werden, der seinerseits die gleiche Verpflichtung zur Aufbewahrung und \u00c4nderung der Daten gegen\u00fcber dem Nutzer der Website hat.<\/p>\n<p>Die Datenbanken sind durch die Bestimmungen des Gesetzes vom 1. Juli 1998 zur Umsetzung der Richtlinie 96\/9 vom 11. M\u00e4rz 1996 \u00fcber den rechtlichen Schutz von Datenbanken gesch\u00fctzt.<\/p>\n<h3><span class=\"ez-toc-section\" id=\"7_Liens_hypertextes_et_cookies\"><\/span>7. Hyperlinks und Cookies.<span class=\"ez-toc-section-end\"><\/span><\/h3>\n<p>Die Website monserveurnas.com enth\u00e4lt eine Reihe von Hypertext-Links zu anderen Websites, die mit der Genehmigung von Mon Serveur Nas eingerichtet wurden. Mon Serveur Nas hat jedoch nicht die M\u00f6glichkeit, den Inhalt der so besuchten Seiten zu \u00fcberpr\u00fcfen, und \u00fcbernimmt dementsprechend keine Verantwortung daf\u00fcr.<\/p>\n<p>Das Surfen auf der Website kann dazu f\u00fchren, dass auf dem Computer des Nutzers ein Cookie(s) installiert wird. Ein Cookie ist eine kleine Datei, die keine Identifizierung des Nutzers erm\u00f6glicht, aber Informationen \u00fcber die Navigation eines Computers auf einer Website speichert. Die so erhaltenen Daten sollen die sp\u00e4tere Navigation auf der Website erleichtern und dienen auch dazu, verschiedene Messungen der Besucherzahlen zu erm\u00f6glichen.<\/p>\n<p>Die Verweigerung der Installation eines Cookies kann dazu f\u00fchren, dass der Zugang zu bestimmten Diensten nicht m\u00f6glich ist. Der Nutzer kann seinen Computer jedoch wie folgt konfigurieren, um die Installation von Cookies abzulehnen:<\/p>\n<p>Im Internet Explorer: Registerkarte Werkzeuge (Zahnrad-Piktogramm oben rechts) \/ Internetoptionen. Klicken Sie auf Datenschutz und w\u00e4hlen Sie Alle Cookies blockieren. Best\u00e4tigen Sie mit Ok.<\/p>\n<p>Unter Firefox: Klicken Sie oben im Browserfenster auf die Firefox-Schaltfl\u00e4che und gehen Sie dann auf die Registerkarte Optionen. Klicken Sie auf die Registerkarte Datenschutz.<br \/>\nStellen Sie die Aufbewahrungsregeln auf: Benutzerdefinierte Einstellungen f\u00fcr den Verlauf verwenden ein. Entfernen Sie schlie\u00dflich das H\u00e4kchen, um Cookies zu deaktivieren.<\/p>\n<p>Unter Safari: Klicken Sie oben rechts im Browser auf das Men\u00fc-Piktogramm (symbolisiert durch ein Zahnrad). W\u00e4hlen Sie Einstellungen aus. Klicken Sie auf Erweiterte Einstellungen anzeigen. Klicken Sie im Abschnitt \"Datenschutz\" auf Inhaltseinstellungen. Im Abschnitt \"Cookies\" k\u00f6nnen Sie Cookies blockieren.<\/p>\n<p>Unter Chrome: Klicken Sie oben rechts im Browser auf das Men\u00fc-Piktogramm (symbolisiert durch drei horizontale Linien). W\u00e4hlen Sie Einstellungen aus. Klicken Sie auf Erweiterte Einstellungen anzeigen. Klicken Sie im Abschnitt \"Datenschutz\" auf Einstellungen. Auf der Registerkarte \"Datenschutz\" k\u00f6nnen Sie Cookies blockieren.<\/p>\n<h3><span class=\"ez-toc-section\" id=\"8_Programme_daffiliation\"><\/span>8. Affiliate-Programm<span class=\"ez-toc-section-end\"><\/span><\/h3>\n<p>Als Partner von Partnerprogrammen verdient Mon Serveur Nas an Eink\u00e4ufen, die die Voraussetzungen erf\u00fcllen, auf den Websites von Amazon, Cdiscount, Fnac sowie Darty.<\/p>\n<h3><span class=\"ez-toc-section\" id=\"9_Droit_applicable_et_attribution_de_juridiction\"><\/span>9. Anwendbares Recht und Gerichtsbarkeit.<span class=\"ez-toc-section-end\"><\/span><\/h3>\n<p>Alle Streitigkeiten im Zusammenhang mit der Nutzung der Website unterliegen dem franz\u00f6sischen Recht. Die ausschlie\u00dfliche Zust\u00e4ndigkeit liegt bei den zust\u00e4ndigen Gerichten in Paris.<\/p>\n<h3><span class=\"ez-toc-section\" id=\"10_Les_principales_lois_concernees\"><\/span>10. Die wichtigsten betroffenen Gesetze.<span class=\"ez-toc-section-end\"><\/span><\/h3>\n<p>Gesetz Nr. 78-87 vom 6. Januar 1978, insbesondere ge\u00e4ndert durch das Gesetz Nr. 2004-801 vom 6. August 2004 \u00fcber Informatik, Dateien und Freiheitsrechte.<\/p>\n<p>Gesetz Nr. 2004-575 vom 21. Juni 2004 f\u00fcr das Vertrauen in die digitale Wirtschaft.<\/p>\n<h3><span class=\"ez-toc-section\" id=\"11_Lexique\"><\/span>11. Lexikon.<span class=\"ez-toc-section-end\"><\/span><\/h3>\n<p>Nutzer: Internetnutzer, der sich einloggt und die oben genannte Website nutzt.<\/p>\n<p>Pers\u00f6nliche Informationen: \"Informationen, die in jedweder Form, direkt oder indirekt, die Identifizierung der nat\u00fcrlichen Personen erm\u00f6glichen, auf die sie sich beziehen\" (Artikel 4 des Gesetzes Nr. 78-17 vom 6. Januar 1978).<\/p>\n<\/div>","protected":false},"excerpt":{"rendered":"<p>1. Allgemeine Bedingungen f\u00fcr die Nutzung der Website und der angebotenen Dienstleistungen. Die Nutzung der Website monserveurnas.com setzt die vollst\u00e4ndige und uneingeschr\u00e4nkte Annahme der nachstehend beschriebenen allgemeinen Nutzungsbedingungen voraus. Diese Nutzungsbedingungen k\u00f6nnen jederzeit ge\u00e4ndert oder erg\u00e4nzt werden, sodass die Nutzer der Website aufgefordert werden, sie regelm\u00e4\u00dfig einzusehen. Diese Website ist normalerweise zug\u00e4nglich<\/p>","protected":false},"author":1,"featured_media":0,"parent":0,"menu_order":0,"comment_status":"closed","ping_status":"closed","template":"","meta":{"footnotes":""},"class_list":["post-1104","page","type-page","status-publish"],"yoast_head":"<!-- This site is optimized with the Yoast SEO plugin v27.1.1 - https:\/\/yoast.com\/product\/yoast-seo-wordpress\/ -->\n<title>Mentions L\u00e9gales - Mon Serveur NAS<\/title>\n<meta name=\"robots\" content=\"index, follow, max-snippet:-1, max-image-preview:large, max-video-preview:-1\" \/>\n<link rel=\"canonical\" href=\"https:\/\/monserveurnas.com\/de\/legale-erwahnungen\/\" \/>\n<meta property=\"og:locale\" content=\"de_DE\" \/>\n<meta property=\"og:type\" content=\"article\" \/>\n<meta property=\"og:title\" content=\"Mentions L\u00e9gales - Mon Serveur NAS\" \/>\n<meta property=\"og:description\" content=\"1. Conditions g\u00e9n\u00e9rales d\u2019utilisation du site et des services propos\u00e9s. L\u2019utilisation du site monserveurnas.com implique l\u2019acceptation pleine et enti\u00e8re des conditions g\u00e9n\u00e9rales d\u2019utilisation ci-apr\u00e8s d\u00e9crites. Ces conditions d\u2019utilisation sont susceptibles d\u2019\u00eatre modifi\u00e9es ou compl\u00e9t\u00e9es \u00e0 tout moment, les utilisateurs du site sont donc invit\u00e9s \u00e0 les consulter de mani\u00e8re r\u00e9guli\u00e8re. Ce site est normalement accessible\" \/>\n<meta property=\"og:url\" content=\"https:\/\/monserveurnas.com\/de\/legale-erwahnungen\/\" \/>\n<meta property=\"og:site_name\" content=\"Mon Serveur NAS\" \/>\n<meta property=\"article:modified_time\" content=\"2019-06-13T16:54:28+00:00\" \/>\n<meta name=\"twitter:card\" content=\"summary_large_image\" \/>\n<meta name=\"twitter:label1\" content=\"Gesch\u00e4tzte Lesezeit\" \/>\n\t<meta name=\"twitter:data1\" content=\"8\u00a0Minuten\" \/>\n<script type=\"application\/ld+json\" class=\"yoast-schema-graph\">{\"@context\":\"https:\/\/schema.org\",\"@graph\":[{\"@type\":\"WebPage\",\"@id\":\"https:\/\/monserveurnas.com\/mentions-legales\/\",\"url\":\"https:\/\/monserveurnas.com\/mentions-legales\/\",\"name\":\"Mentions L\u00e9gales - Mon Serveur NAS\",\"isPartOf\":{\"@id\":\"https:\/\/monserveurnas.com\/#website\"},\"datePublished\":\"2018-09-24T17:29:12+00:00\",\"dateModified\":\"2019-06-13T16:54:28+00:00\",\"breadcrumb\":{\"@id\":\"https:\/\/monserveurnas.com\/mentions-legales\/#breadcrumb\"},\"inLanguage\":\"de\",\"potentialAction\":[{\"@type\":\"ReadAction\",\"target\":[\"https:\/\/monserveurnas.com\/mentions-legales\/\"]}]},{\"@type\":\"BreadcrumbList\",\"@id\":\"https:\/\/monserveurnas.com\/mentions-legales\/#breadcrumb\",\"itemListElement\":[{\"@type\":\"ListItem\",\"position\":1,\"name\":\"Accueil\",\"item\":\"https:\/\/monserveurnas.com\/\"},{\"@type\":\"ListItem\",\"position\":2,\"name\":\"Mentions L\u00e9gales\"}]},{\"@type\":\"WebSite\",\"@id\":\"https:\/\/monserveurnas.com\/#website\",\"url\":\"https:\/\/monserveurnas.com\/\",\"name\":\"Mon Serveur NAS\",\"description\":\"Tout savoir sur les NAS\",\"publisher\":{\"@id\":\"https:\/\/monserveurnas.com\/#organization\"},\"potentialAction\":[{\"@type\":\"SearchAction\",\"target\":{\"@type\":\"EntryPoint\",\"urlTemplate\":\"https:\/\/monserveurnas.com\/?s={search_term_string}\"},\"query-input\":{\"@type\":\"PropertyValueSpecification\",\"valueRequired\":true,\"valueName\":\"search_term_string\"}}],\"inLanguage\":\"de\"},{\"@type\":\"Organization\",\"@id\":\"https:\/\/monserveurnas.com\/#organization\",\"name\":\"Mon Serveur NAS\",\"url\":\"https:\/\/monserveurnas.com\/\",\"logo\":{\"@type\":\"ImageObject\",\"inLanguage\":\"de\",\"@id\":\"https:\/\/monserveurnas.com\/#\/schema\/logo\/image\/\",\"url\":\"https:\/\/monserveurnas.com\/wp-content\/uploads\/2023\/04\/Logo-noir-2023-e1681288402748.png\",\"contentUrl\":\"https:\/\/monserveurnas.com\/wp-content\/uploads\/2023\/04\/Logo-noir-2023-e1681288402748.png\",\"width\":300,\"height\":118,\"caption\":\"Mon Serveur NAS\"},\"image\":{\"@id\":\"https:\/\/monserveurnas.com\/#\/schema\/logo\/image\/\"}}]}<\/script>\n<!-- \/ Yoast SEO plugin. -->","yoast_head_json":{"title":"Rechtliche Hinweise - Mein NAS-Server","robots":{"index":"index","follow":"follow","max-snippet":"max-snippet:-1","max-image-preview":"max-image-preview:large","max-video-preview":"max-video-preview:-1"},"canonical":"https:\/\/monserveurnas.com\/de\/legale-erwahnungen\/","og_locale":"de_DE","og_type":"article","og_title":"Mentions L\u00e9gales - Mon Serveur NAS","og_description":"1. Conditions g\u00e9n\u00e9rales d\u2019utilisation du site et des services propos\u00e9s. L\u2019utilisation du site monserveurnas.com implique l\u2019acceptation pleine et enti\u00e8re des conditions g\u00e9n\u00e9rales d\u2019utilisation ci-apr\u00e8s d\u00e9crites. Ces conditions d\u2019utilisation sont susceptibles d\u2019\u00eatre modifi\u00e9es ou compl\u00e9t\u00e9es \u00e0 tout moment, les utilisateurs du site sont donc invit\u00e9s \u00e0 les consulter de mani\u00e8re r\u00e9guli\u00e8re. Ce site est normalement accessible","og_url":"https:\/\/monserveurnas.com\/de\/legale-erwahnungen\/","og_site_name":"Mon Serveur NAS","article_modified_time":"2019-06-13T16:54:28+00:00","twitter_card":"summary_large_image","twitter_misc":{"Gesch\u00e4tzte Lesezeit":"8\u00a0Minuten"},"schema":{"@context":"https:\/\/schema.org","@graph":[{"@type":"WebPage","@id":"https:\/\/monserveurnas.com\/mentions-legales\/","url":"https:\/\/monserveurnas.com\/mentions-legales\/","name":"Rechtliche Hinweise - Mein NAS-Server","isPartOf":{"@id":"https:\/\/monserveurnas.com\/#website"},"datePublished":"2018-09-24T17:29:12+00:00","dateModified":"2019-06-13T16:54:28+00:00","breadcrumb":{"@id":"https:\/\/monserveurnas.com\/mentions-legales\/#breadcrumb"},"inLanguage":"de","potentialAction":[{"@type":"ReadAction","target":["https:\/\/monserveurnas.com\/mentions-legales\/"]}]},{"@type":"BreadcrumbList","@id":"https:\/\/monserveurnas.com\/mentions-legales\/#breadcrumb","itemListElement":[{"@type":"ListItem","position":1,"name":"Accueil","item":"https:\/\/monserveurnas.com\/"},{"@type":"ListItem","position":2,"name":"Mentions L\u00e9gales"}]},{"@type":"WebSite","@id":"https:\/\/monserveurnas.com\/#website","url":"https:\/\/monserveurnas.com\/","name":"Mein NAS-Server","description":"Alles \u00fcber SINs","publisher":{"@id":"https:\/\/monserveurnas.com\/#organization"},"potentialAction":[{"@type":"SearchAction","target":{"@type":"EntryPoint","urlTemplate":"https:\/\/monserveurnas.com\/?s={search_term_string}"},"query-input":{"@type":"PropertyValueSpecification","valueRequired":true,"valueName":"search_term_string"}}],"inLanguage":"de"},{"@type":"Organization","@id":"https:\/\/monserveurnas.com\/#organization","name":"Mein NAS-Server","url":"https:\/\/monserveurnas.com\/","logo":{"@type":"ImageObject","inLanguage":"de","@id":"https:\/\/monserveurnas.com\/#\/schema\/logo\/image\/","url":"https:\/\/monserveurnas.com\/wp-content\/uploads\/2023\/04\/Logo-noir-2023-e1681288402748.png","contentUrl":"https:\/\/monserveurnas.com\/wp-content\/uploads\/2023\/04\/Logo-noir-2023-e1681288402748.png","width":300,"height":118,"caption":"Mon Serveur NAS"},"image":{"@id":"https:\/\/monserveurnas.com\/#\/schema\/logo\/image\/"}}]}},"_links":{"self":[{"href":"https:\/\/monserveurnas.com\/de\/wp-json\/wp\/v2\/pages\/1104","targetHints":{"allow":["GET"]}}],"collection":[{"href":"https:\/\/monserveurnas.com\/de\/wp-json\/wp\/v2\/pages"}],"about":[{"href":"https:\/\/monserveurnas.com\/de\/wp-json\/wp\/v2\/types\/page"}],"author":[{"embeddable":true,"href":"https:\/\/monserveurnas.com\/de\/wp-json\/wp\/v2\/users\/1"}],"replies":[{"embeddable":true,"href":"https:\/\/monserveurnas.com\/de\/wp-json\/wp\/v2\/comments?post=1104"}],"version-history":[{"count":4,"href":"https:\/\/monserveurnas.com\/de\/wp-json\/wp\/v2\/pages\/1104\/revisions"}],"predecessor-version":[{"id":2042,"href":"https:\/\/monserveurnas.com\/de\/wp-json\/wp\/v2\/pages\/1104\/revisions\/2042"}],"wp:attachment":[{"href":"https:\/\/monserveurnas.com\/de\/wp-json\/wp\/v2\/media?parent=1104"}],"curies":[{"name":"wp","href":"https:\/\/api.w.org\/{rel}","templated":true}]}}