{"id":1104,"date":"2018-09-24T19:29:12","date_gmt":"2018-09-24T17:29:12","guid":{"rendered":"https:\/\/monserveurnas.com\/?page_id=1104"},"modified":"2019-06-13T18:54:28","modified_gmt":"2019-06-13T16:54:28","slug":"mentions-legales","status":"publish","type":"page","link":"https:\/\/monserveurnas.com\/it\/avvisi-legali\/","title":{"rendered":"Avviso legale"},"content":{"rendered":"<div class=\"post-content\">\n<div id=\"ez-toc-container\" class=\"ez-toc-v2_0_81 counter-hierarchy ez-toc-counter ez-toc-custom ez-toc-container-direction\">\n<div class=\"ez-toc-title-container\">\n<p class=\"ez-toc-title\" style=\"cursor:inherit\">Contenuti<\/p>\n<span class=\"ez-toc-title-toggle\"><a href=\"#\" class=\"ez-toc-pull-right ez-toc-btn ez-toc-btn-xs ez-toc-btn-default ez-toc-toggle\" aria-label=\"Allinea la tabella dei contenuti\"><span class=\"ez-toc-js-icon-con\"><span class=\"\"><span class=\"eztoc-hide\" style=\"display:none;\">Toggle<\/span><span class=\"ez-toc-icon-toggle-span\"><svg style=\"fill: #3c5233;color:#3c5233\" xmlns=\"http:\/\/www.w3.org\/2000\/svg\" class=\"list-377408\" width=\"20px\" height=\"20px\" viewbox=\"0 0 24 24\" fill=\"none\"><path d=\"M6 6H4v2h2V6zm14 0H8v2h12V6zM4 11h2v2H4v-2zm16 0H8v2h12v-2zM4 16h2v2H4v-2zm16 0H8v2h12v-2z\" fill=\"currentColor\"><\/path><\/svg><svg style=\"fill: #3c5233;color:#3c5233\" class=\"arrow-unsorted-368013\" xmlns=\"http:\/\/www.w3.org\/2000\/svg\" width=\"10px\" height=\"10px\" viewbox=\"0 0 24 24\" version=\"1.2\" baseprofile=\"tiny\"><path d=\"M18.2 9.3l-6.2-6.3-6.2 6.3c-.2.2-.3.4-.3.7s.1.5.3.7c.2.2.4.3.7.3h11c.3 0 .5-.1.7-.3.2-.2.3-.5.3-.7s-.1-.5-.3-.7zM5.8 14.7l6.2 6.3 6.2-6.3c.2-.2.3-.5.3-.7s-.1-.5-.3-.7c-.2-.2-.4-.3-.7-.3h-11c-.3 0-.5.1-.7.3-.2.2-.3.5-.3.7s.1.5.3.7z\"\/><\/svg><\/span><\/span><\/span><\/a><\/span><\/div>\n<nav><ul class='ez-toc-list ez-toc-list-level-1 eztoc-toggle-hide-by-default' ><li class='ez-toc-page-1 ez-toc-heading-level-3'><a class=\"ez-toc-link ez-toc-heading-1\" href=\"https:\/\/monserveurnas.com\/it\/avvisi-legali\/#1_Conditions_generales_dutilisation_du_site_et_des_services_proposes\" >1. Condizioni generali di utilizzo del sito e dei servizi offerti.<\/a><\/li><li class='ez-toc-page-1 ez-toc-heading-level-3'><a class=\"ez-toc-link ez-toc-heading-2\" href=\"https:\/\/monserveurnas.com\/it\/avvisi-legali\/#2_Description_des_services_fournis\" >2. Descrizione dei servizi forniti.<\/a><\/li><li class='ez-toc-page-1 ez-toc-heading-level-3'><a class=\"ez-toc-link ez-toc-heading-3\" href=\"https:\/\/monserveurnas.com\/it\/avvisi-legali\/#3_Limitations_contractuelles_sur_les_donnees_techniques\" >3. Limitazioni contrattuali sui dati tecnici.<\/a><\/li><li class='ez-toc-page-1 ez-toc-heading-level-3'><a class=\"ez-toc-link ez-toc-heading-4\" href=\"https:\/\/monserveurnas.com\/it\/avvisi-legali\/#4_Propriete_intellectuelle_et_contrefacons\" >4. Propriet\u00e0 intellettuale e contraffazione.<\/a><\/li><li class='ez-toc-page-1 ez-toc-heading-level-3'><a class=\"ez-toc-link ez-toc-heading-5\" href=\"https:\/\/monserveurnas.com\/it\/avvisi-legali\/#5_Limitations_de_responsabilite\" >5. Limitazioni di responsabilit\u00e0.<\/a><\/li><li class='ez-toc-page-1 ez-toc-heading-level-3'><a class=\"ez-toc-link ez-toc-heading-6\" href=\"https:\/\/monserveurnas.com\/it\/avvisi-legali\/#6_Gestion_des_donnees_personnelles\" >6. Gestione dei dati personali.<\/a><\/li><li class='ez-toc-page-1 ez-toc-heading-level-3'><a class=\"ez-toc-link ez-toc-heading-7\" href=\"https:\/\/monserveurnas.com\/it\/avvisi-legali\/#7_Liens_hypertextes_et_cookies\" >7. Collegamenti ipertestuali e cookie.<\/a><\/li><li class='ez-toc-page-1 ez-toc-heading-level-3'><a class=\"ez-toc-link ez-toc-heading-8\" href=\"https:\/\/monserveurnas.com\/it\/avvisi-legali\/#8_Programme_daffiliation\" >8. Programma di affiliazione<\/a><\/li><li class='ez-toc-page-1 ez-toc-heading-level-3'><a class=\"ez-toc-link ez-toc-heading-9\" href=\"https:\/\/monserveurnas.com\/it\/avvisi-legali\/#9_Droit_applicable_et_attribution_de_juridiction\" >9. Legge applicabile e giurisdizione.<\/a><\/li><li class='ez-toc-page-1 ez-toc-heading-level-3'><a class=\"ez-toc-link ez-toc-heading-10\" href=\"https:\/\/monserveurnas.com\/it\/avvisi-legali\/#10_Les_principales_lois_concernees\" >10. Le principali leggi coinvolte.<\/a><\/li><li class='ez-toc-page-1 ez-toc-heading-level-3'><a class=\"ez-toc-link ez-toc-heading-11\" href=\"https:\/\/monserveurnas.com\/it\/avvisi-legali\/#11_Lexique\" >11. Lessico.<\/a><\/li><\/ul><\/nav><\/div>\n<h3><span class=\"ez-toc-section\" id=\"1_Conditions_generales_dutilisation_du_site_et_des_services_proposes\"><\/span>1. Condizioni generali di utilizzo del sito e dei servizi offerti.<span class=\"ez-toc-section-end\"><\/span><\/h3>\n<p>L'utilizzo del sito web monserveurnas.com implica la piena accettazione delle condizioni generali di utilizzo descritte di seguito. Le presenti condizioni di utilizzo possono essere modificate o integrate in qualsiasi momento e gli utenti del sito sono pertanto invitati a consultarle regolarmente.<\/p>\n<p>Questo sito \u00e8 normalmente accessibile agli utenti in qualsiasi momento. Un'interruzione per motivi di manutenzione tecnica pu\u00f2 comunque essere decisa da My Nas Server, che cercher\u00e0 di comunicare preventivamente agli utenti le date e gli orari dell'intervento.<\/p>\n<p>Il sito viene aggiornato regolarmente. Allo stesso modo, le note legali possono essere modificate in qualsiasi momento: esse sono comunque vincolanti per l'utente che \u00e8 invitato a consultarle il pi\u00f9 spesso possibile per prenderne atto.<\/p>\n<p>Host: OVH - 2 rue Kellermann - 59100 Roubaix - Francia.<\/p>\n<h3><span class=\"ez-toc-section\" id=\"2_Description_des_services_fournis\"><\/span>2. Descrizione dei servizi forniti.<span class=\"ez-toc-section-end\"><\/span><\/h3>\n<p>Lo scopo del sito web monserveurnas.com \u00e8 quello di fornire informazioni su tutte le attivit\u00e0 dell'azienda.<\/p>\n<p>Mon Serveur Nas si impegna a fornire sul sito informazioni il pi\u00f9 possibile accurate. Tuttavia, non pu\u00f2 essere ritenuta responsabile per le omissioni, le imprecisioni e le carenze nell'aggiornamento, che siano di sua iniziativa o di iniziativa dei terzi partner che gli forniscono queste informazioni.<\/p>\n<p>Tutte le informazioni contenute nel sito sono fornite a titolo puramente informativo e sono soggette a modifiche. Inoltre, le informazioni presenti sul sito non sono esaustive. Il documento viene fornito con riserva di modifiche apportate dopo la sua messa in linea.<\/p>\n<h3><span class=\"ez-toc-section\" id=\"3_Limitations_contractuelles_sur_les_donnees_techniques\"><\/span>3. Limitazioni contrattuali sui dati tecnici.<span class=\"ez-toc-section-end\"><\/span><\/h3>\n<p>Il sito utilizza la tecnologia JavaScript.<\/p>\n<p>Il sito non pu\u00f2 essere ritenuto responsabile di eventuali danni materiali legati all'utilizzo del sito. Inoltre, l'utente del sito si impegna ad accedervi con apparecchiature recenti, prive di virus e con un browser aggiornato all'ultima generazione.<\/p>\n<h3><span class=\"ez-toc-section\" id=\"4_Propriete_intellectuelle_et_contrefacons\"><\/span>4. Propriet\u00e0 intellettuale e contraffazione.<span class=\"ez-toc-section-end\"><\/span><\/h3>\n<p>Mon Serveur Nas \u00e8 titolare dei diritti di propriet\u00e0 intellettuale o detiene i diritti di utilizzo di tutti gli elementi accessibili sul sito, in particolare testi, immagini, grafici, logo, icone, suoni, software.<\/p>\n<p>Qualsiasi riproduzione, rappresentazione, modifica, pubblicazione, adattamento di tutti o parte degli elementi del sito, qualunque sia il mezzo o il processo utilizzato, \u00e8 vietato, salvo previa autorizzazione scritta di : Mon Serveur Nas.<\/p>\n<p>Qualsiasi utilizzo non autorizzato del sito o di uno qualsiasi degli elementi in esso contenuti sar\u00e0 considerato come una violazione e sar\u00e0 perseguito secondo le disposizioni degli articoli L.335-2 e seguenti del Codice della Propriet\u00e0 Intellettuale.<\/p>\n<h3><span class=\"ez-toc-section\" id=\"5_Limitations_de_responsabilite\"><\/span>5. Limitazioni di responsabilit\u00e0.<span class=\"ez-toc-section-end\"><\/span><\/h3>\n<p>Monserveurnas.com non potr\u00e0 essere ritenuta responsabile di eventuali danni diretti o indiretti causati alle apparecchiature dell'utente durante l'accesso al sito interno e derivanti sia dall'utilizzo di apparecchiature non conformi alle specifiche indicate al punto 4, sia dalla comparsa di un bug o di un'incompatibilit\u00e0.<\/p>\n<p>My Nas Server non pu\u00f2 essere ritenuto responsabile per i danni indiretti (come la perdita di mercato o di opportunit\u00e0) derivanti dall'uso del sito.<\/p>\n<p>Gli spazi interattivi (possibilit\u00e0 di porre domande nello spazio di contatto) sono a disposizione degli utenti. Mon Serveur Nas si riserva il diritto di eliminare, senza preavviso, qualsiasi contenuto depositato in questo spazio che contravvenga alla legislazione applicabile in Francia, in particolare alle disposizioni relative alla protezione dei dati. Se necessario, Mon Serveur Nas si riserva anche la possibilit\u00e0 di chiamare in causa la responsabilit\u00e0 civile e\/o penale dell'utente, in particolare in caso di messaggi di natura razzista, ingiuriosa, diffamatoria o pornografica, qualunque sia il mezzo utilizzato (testo, fotografia...).<\/p>\n<h3><span class=\"ez-toc-section\" id=\"6_Gestion_des_donnees_personnelles\"><\/span>6. Gestione dei dati personali.<span class=\"ez-toc-section-end\"><\/span><\/h3>\n<p>In Francia, i dati personali sono protetti dalla legge n. 78-87 del 6 gennaio 1978, dalla legge n. 2004-801 del 6 agosto 2004, dall'articolo L. 226-13 del Codice penale e dalla Direttiva europea del 24 ottobre 1995.<\/p>\n<p>Durante l'utilizzo del sito, possono essere raccolte le seguenti informazioni: l'URL dei link attraverso i quali l'utente accede al sito, il provider di accesso dell'utente, l'indirizzo del protocollo Internet (IP) dell'utente.<\/p>\n<p>In ogni caso Mon Serveur Nas raccoglie informazioni personali relative all'utente solo per la necessit\u00e0 di alcuni servizi proposti dal sito monserveurnas.com. L'utente fornisce queste informazioni con cognizione di causa, in particolare quando procede da solo al loro sequestro. All'utente del sito viene poi specificato se \u00e8 tenuto o meno a fornire queste informazioni.<\/p>\n<p>Conformemente alle disposizioni degli articoli 38 e seguenti della legge 78-17 del 6 gennaio 1978 relativa al trattamento dei dati, degli archivi e delle libert\u00e0, ogni utente dispone di un diritto di accesso, di rettifica e di opposizione ai dati personali che lo riguardano, presentando una richiesta scritta e firmata, accompagnata da una copia della carta d'identit\u00e0 con firma del titolare del documento, specificando l'indirizzo a cui deve essere inviata la risposta.<\/p>\n<p>Nessuna informazione personale dell'utente del sito monserveurnas.com viene pubblicata all'insaputa dell'utente, scambiata, trasferita, ceduta o venduta su qualsiasi supporto a terzi. Solo l'ipotesi di riacquisto di Mon Serveur Nas e dei suoi diritti consentirebbe la trasmissione delle suddette informazioni all'eventuale acquirente che sarebbe a sua volta tenuto allo stesso obbligo di conservazione e modifica dei dati nei confronti dell'utente del sito.<\/p>\n<p>Le banche dati sono protette dalle disposizioni della legge del 1\u00b0 luglio 1998 che recepisce la direttiva 96\/9 dell'11 marzo 1996 sulla tutela giuridica delle banche dati.<\/p>\n<h3><span class=\"ez-toc-section\" id=\"7_Liens_hypertextes_et_cookies\"><\/span>7. Collegamenti ipertestuali e cookie.<span class=\"ez-toc-section-end\"><\/span><\/h3>\n<p>Il sito monserveurnas.com contiene un certo numero di collegamenti ipertestuali ad altri siti, creati con l'autorizzazione di Mon Serveur Nas. Tuttavia, Mon Serveur Nas non ha la possibilit\u00e0 di verificare il contenuto dei siti cos\u00ec visitati e, di conseguenza, non si assume alcuna responsabilit\u00e0 in merito.<\/p>\n<p>La navigazione sul sito pu\u00f2 causare l'installazione di cookie sul computer dell'utente. Un cookie \u00e8 un piccolo file che non consente di identificare l'utente, ma che registra informazioni relative alla navigazione di un computer su un sito. I dati cos\u00ec ottenuti hanno lo scopo di agevolare la successiva navigazione sul sito, nonch\u00e9 di consentire varie misure di frequentazione.<\/p>\n<p>Il rifiuto di installare un cookie pu\u00f2 rendere impossibile l'accesso a determinati servizi. Tuttavia, l'utente pu\u00f2 configurare il proprio computer nel modo seguente per rifiutare l'installazione dei cookie:<\/p>\n<p>In Internet Explorer: scheda Strumenti (icona a forma di ingranaggio in alto a destra) \/ Opzioni Internet. Fare clic su Riservatezza e scegliere Blocca tutti i cookie. Convalidare su Ok.<\/p>\n<p>In Firefox: nella parte superiore della finestra del browser, fare clic sul pulsante Firefox, quindi accedere alla scheda Opzioni. Fare clic sulla scheda Privacy.<br \/>\nImpostare le Regole di conservazione su: utilizzare le impostazioni personalizzate per la cronologia. Infine, deselezionatelo per disabilitare i cookie.<\/p>\n<p>In Safari: fare clic sull'icona del menu (simboleggiata da un ingranaggio) in alto a destra del browser. Selezionare Impostazioni. Fare clic su Mostra impostazioni avanzate. Nella sezione \"Privacy\", fare clic su \"Impostazioni dei contenuti\". Nella sezione \"Cookie\" \u00e8 possibile bloccare i cookie.<\/p>\n<p>In Chrome: fare clic sull'icona del menu (simboleggiata da tre linee orizzontali) in alto a destra del browser. Selezionare Impostazioni. Fare clic su Mostra impostazioni avanzate. Nella sezione \"Privacy\", fare clic su preferenze. Nella scheda \"Privacy\" \u00e8 possibile bloccare i cookie.<\/p>\n<h3><span class=\"ez-toc-section\" id=\"8_Programme_daffiliation\"><\/span>8. Programma di affiliazione<span class=\"ez-toc-section-end\"><\/span><\/h3>\n<p>In quanto partner di programmi di affiliazione, Mon Serveur Nas trae profitto dagli acquisti che soddisfano le condizioni richieste sui siti Amazon, Cdiscount, Fnac e Darty.<\/p>\n<h3><span class=\"ez-toc-section\" id=\"9_Droit_applicable_et_attribution_de_juridiction\"><\/span>9. Legge applicabile e giurisdizione.<span class=\"ez-toc-section-end\"><\/span><\/h3>\n<p>Qualsiasi controversia relativa all'utilizzo del sito \u00e8 soggetta alla legge francese. I tribunali competenti di Parigi hanno giurisdizione esclusiva.<\/p>\n<h3><span class=\"ez-toc-section\" id=\"10_Les_principales_lois_concernees\"><\/span>10. Le principali leggi coinvolte.<span class=\"ez-toc-section-end\"><\/span><\/h3>\n<p>Legge n. 78-87 del 6 gennaio 1978, modificata in particolare dalla legge n. 2004-801 del 6 agosto 2004 sull'informatica, i file e le libert\u00e0.<\/p>\n<p>Legge n. 2004-575 del 21 giugno 2004 per la fiducia nell'economia digitale.<\/p>\n<h3><span class=\"ez-toc-section\" id=\"11_Lexique\"><\/span>11. Lessico.<span class=\"ez-toc-section-end\"><\/span><\/h3>\n<p>Utente: utente di Internet che si collega e utilizza il sito di cui sopra.<\/p>\n<p>Informazioni personali: \"informazioni che consentono, in qualsiasi forma, direttamente o indirettamente, l'identificazione delle persone fisiche cui si riferiscono\" (articolo 4 della legge n. 78-17 del 6 gennaio 1978).<\/p>\n<\/div>","protected":false},"excerpt":{"rendered":"<p>1. Condizioni generali di utilizzo del sito e dei servizi offerti. L'utilizzo del sito monserveurnas.com implica la piena accettazione delle condizioni generali di utilizzo descritte di seguito. Le presenti condizioni di utilizzo possono essere modificate o integrate in qualsiasi momento e gli utenti del sito sono pertanto invitati a consultarle regolarmente. Questo sito \u00e8 normalmente accessibile<\/p>","protected":false},"author":1,"featured_media":0,"parent":0,"menu_order":0,"comment_status":"closed","ping_status":"closed","template":"","meta":{"footnotes":""},"class_list":["post-1104","page","type-page","status-publish"],"yoast_head":"<!-- This site is optimized with the Yoast SEO plugin v27.1.1 - https:\/\/yoast.com\/product\/yoast-seo-wordpress\/ -->\n<title>Mentions L\u00e9gales - Mon Serveur NAS<\/title>\n<meta name=\"robots\" content=\"index, follow, max-snippet:-1, max-image-preview:large, max-video-preview:-1\" \/>\n<link rel=\"canonical\" href=\"https:\/\/monserveurnas.com\/it\/avvisi-legali\/\" \/>\n<meta property=\"og:locale\" content=\"it_IT\" \/>\n<meta property=\"og:type\" content=\"article\" \/>\n<meta property=\"og:title\" content=\"Mentions L\u00e9gales - Mon Serveur NAS\" \/>\n<meta property=\"og:description\" content=\"1. Conditions g\u00e9n\u00e9rales d\u2019utilisation du site et des services propos\u00e9s. L\u2019utilisation du site monserveurnas.com implique l\u2019acceptation pleine et enti\u00e8re des conditions g\u00e9n\u00e9rales d\u2019utilisation ci-apr\u00e8s d\u00e9crites. Ces conditions d\u2019utilisation sont susceptibles d\u2019\u00eatre modifi\u00e9es ou compl\u00e9t\u00e9es \u00e0 tout moment, les utilisateurs du site sont donc invit\u00e9s \u00e0 les consulter de mani\u00e8re r\u00e9guli\u00e8re. Ce site est normalement accessible\" \/>\n<meta property=\"og:url\" content=\"https:\/\/monserveurnas.com\/it\/avvisi-legali\/\" \/>\n<meta property=\"og:site_name\" content=\"Mon Serveur NAS\" \/>\n<meta property=\"article:modified_time\" content=\"2019-06-13T16:54:28+00:00\" \/>\n<meta name=\"twitter:card\" content=\"summary_large_image\" \/>\n<meta name=\"twitter:label1\" content=\"Tempo di lettura stimato\" \/>\n\t<meta name=\"twitter:data1\" content=\"8 minuti\" \/>\n<script type=\"application\/ld+json\" class=\"yoast-schema-graph\">{\"@context\":\"https:\/\/schema.org\",\"@graph\":[{\"@type\":\"WebPage\",\"@id\":\"https:\/\/monserveurnas.com\/mentions-legales\/\",\"url\":\"https:\/\/monserveurnas.com\/mentions-legales\/\",\"name\":\"Mentions L\u00e9gales - Mon Serveur NAS\",\"isPartOf\":{\"@id\":\"https:\/\/monserveurnas.com\/#website\"},\"datePublished\":\"2018-09-24T17:29:12+00:00\",\"dateModified\":\"2019-06-13T16:54:28+00:00\",\"breadcrumb\":{\"@id\":\"https:\/\/monserveurnas.com\/mentions-legales\/#breadcrumb\"},\"inLanguage\":\"it-IT\",\"potentialAction\":[{\"@type\":\"ReadAction\",\"target\":[\"https:\/\/monserveurnas.com\/mentions-legales\/\"]}]},{\"@type\":\"BreadcrumbList\",\"@id\":\"https:\/\/monserveurnas.com\/mentions-legales\/#breadcrumb\",\"itemListElement\":[{\"@type\":\"ListItem\",\"position\":1,\"name\":\"Accueil\",\"item\":\"https:\/\/monserveurnas.com\/\"},{\"@type\":\"ListItem\",\"position\":2,\"name\":\"Mentions L\u00e9gales\"}]},{\"@type\":\"WebSite\",\"@id\":\"https:\/\/monserveurnas.com\/#website\",\"url\":\"https:\/\/monserveurnas.com\/\",\"name\":\"Mon Serveur NAS\",\"description\":\"Tout savoir sur les NAS\",\"publisher\":{\"@id\":\"https:\/\/monserveurnas.com\/#organization\"},\"potentialAction\":[{\"@type\":\"SearchAction\",\"target\":{\"@type\":\"EntryPoint\",\"urlTemplate\":\"https:\/\/monserveurnas.com\/?s={search_term_string}\"},\"query-input\":{\"@type\":\"PropertyValueSpecification\",\"valueRequired\":true,\"valueName\":\"search_term_string\"}}],\"inLanguage\":\"it-IT\"},{\"@type\":\"Organization\",\"@id\":\"https:\/\/monserveurnas.com\/#organization\",\"name\":\"Mon Serveur NAS\",\"url\":\"https:\/\/monserveurnas.com\/\",\"logo\":{\"@type\":\"ImageObject\",\"inLanguage\":\"it-IT\",\"@id\":\"https:\/\/monserveurnas.com\/#\/schema\/logo\/image\/\",\"url\":\"https:\/\/monserveurnas.com\/wp-content\/uploads\/2023\/04\/Logo-noir-2023-e1681288402748.png\",\"contentUrl\":\"https:\/\/monserveurnas.com\/wp-content\/uploads\/2023\/04\/Logo-noir-2023-e1681288402748.png\",\"width\":300,\"height\":118,\"caption\":\"Mon Serveur NAS\"},\"image\":{\"@id\":\"https:\/\/monserveurnas.com\/#\/schema\/logo\/image\/\"}}]}<\/script>\n<!-- \/ Yoast SEO plugin. -->","yoast_head_json":{"title":"Avviso legale - Il mio server NAS","robots":{"index":"index","follow":"follow","max-snippet":"max-snippet:-1","max-image-preview":"max-image-preview:large","max-video-preview":"max-video-preview:-1"},"canonical":"https:\/\/monserveurnas.com\/it\/avvisi-legali\/","og_locale":"it_IT","og_type":"article","og_title":"Mentions L\u00e9gales - Mon Serveur NAS","og_description":"1. Conditions g\u00e9n\u00e9rales d\u2019utilisation du site et des services propos\u00e9s. L\u2019utilisation du site monserveurnas.com implique l\u2019acceptation pleine et enti\u00e8re des conditions g\u00e9n\u00e9rales d\u2019utilisation ci-apr\u00e8s d\u00e9crites. Ces conditions d\u2019utilisation sont susceptibles d\u2019\u00eatre modifi\u00e9es ou compl\u00e9t\u00e9es \u00e0 tout moment, les utilisateurs du site sont donc invit\u00e9s \u00e0 les consulter de mani\u00e8re r\u00e9guli\u00e8re. Ce site est normalement accessible","og_url":"https:\/\/monserveurnas.com\/it\/avvisi-legali\/","og_site_name":"Mon Serveur NAS","article_modified_time":"2019-06-13T16:54:28+00:00","twitter_card":"summary_large_image","twitter_misc":{"Tempo di lettura stimato":"8 minuti"},"schema":{"@context":"https:\/\/schema.org","@graph":[{"@type":"WebPage","@id":"https:\/\/monserveurnas.com\/mentions-legales\/","url":"https:\/\/monserveurnas.com\/mentions-legales\/","name":"Avviso legale - Il mio server NAS","isPartOf":{"@id":"https:\/\/monserveurnas.com\/#website"},"datePublished":"2018-09-24T17:29:12+00:00","dateModified":"2019-06-13T16:54:28+00:00","breadcrumb":{"@id":"https:\/\/monserveurnas.com\/mentions-legales\/#breadcrumb"},"inLanguage":"it-IT","potentialAction":[{"@type":"ReadAction","target":["https:\/\/monserveurnas.com\/mentions-legales\/"]}]},{"@type":"BreadcrumbList","@id":"https:\/\/monserveurnas.com\/mentions-legales\/#breadcrumb","itemListElement":[{"@type":"ListItem","position":1,"name":"Accueil","item":"https:\/\/monserveurnas.com\/"},{"@type":"ListItem","position":2,"name":"Mentions L\u00e9gales"}]},{"@type":"WebSite","@id":"https:\/\/monserveurnas.com\/#website","url":"https:\/\/monserveurnas.com\/","name":"Il mio server NAS","description":"Tutto sui NAS","publisher":{"@id":"https:\/\/monserveurnas.com\/#organization"},"potentialAction":[{"@type":"SearchAction","target":{"@type":"EntryPoint","urlTemplate":"https:\/\/monserveurnas.com\/?s={search_term_string}"},"query-input":{"@type":"PropertyValueSpecification","valueRequired":true,"valueName":"search_term_string"}}],"inLanguage":"it-IT"},{"@type":"Organization","@id":"https:\/\/monserveurnas.com\/#organization","name":"Il mio server NAS","url":"https:\/\/monserveurnas.com\/","logo":{"@type":"ImageObject","inLanguage":"it-IT","@id":"https:\/\/monserveurnas.com\/#\/schema\/logo\/image\/","url":"https:\/\/monserveurnas.com\/wp-content\/uploads\/2023\/04\/Logo-noir-2023-e1681288402748.png","contentUrl":"https:\/\/monserveurnas.com\/wp-content\/uploads\/2023\/04\/Logo-noir-2023-e1681288402748.png","width":300,"height":118,"caption":"Mon Serveur NAS"},"image":{"@id":"https:\/\/monserveurnas.com\/#\/schema\/logo\/image\/"}}]}},"_links":{"self":[{"href":"https:\/\/monserveurnas.com\/it\/wp-json\/wp\/v2\/pages\/1104","targetHints":{"allow":["GET"]}}],"collection":[{"href":"https:\/\/monserveurnas.com\/it\/wp-json\/wp\/v2\/pages"}],"about":[{"href":"https:\/\/monserveurnas.com\/it\/wp-json\/wp\/v2\/types\/page"}],"author":[{"embeddable":true,"href":"https:\/\/monserveurnas.com\/it\/wp-json\/wp\/v2\/users\/1"}],"replies":[{"embeddable":true,"href":"https:\/\/monserveurnas.com\/it\/wp-json\/wp\/v2\/comments?post=1104"}],"version-history":[{"count":4,"href":"https:\/\/monserveurnas.com\/it\/wp-json\/wp\/v2\/pages\/1104\/revisions"}],"predecessor-version":[{"id":2042,"href":"https:\/\/monserveurnas.com\/it\/wp-json\/wp\/v2\/pages\/1104\/revisions\/2042"}],"wp:attachment":[{"href":"https:\/\/monserveurnas.com\/it\/wp-json\/wp\/v2\/media?parent=1104"}],"curies":[{"name":"wp","href":"https:\/\/api.w.org\/{rel}","templated":true}]}}